{"id":3,"date":"2022-07-18T22:35:31","date_gmt":"2022-07-18T20:35:31","guid":{"rendered":"https:\/\/goll.pl\/es\/?page_id=3"},"modified":"2023-11-27T21:32:36","modified_gmt":"2023-11-27T20:32:36","slug":"privacy-policy","status":"publish","type":"page","link":"https:\/\/goll.pl\/es\/privacy-policy\/","title":{"rendered":"Pol\u00edtica de Privacidad"},"content":{"rendered":"<p><span style=\"text-decoration: underline;\">Actualizaci\u00f3n 27.10.2022<\/span><\/p>\n<p>Conforme al art. 14, apartados 1 y 2 del Reglamento del Parlamento Europeo y del Consejo (UE) 2016\/679 del 27.04.2016 sobre la protecci\u00f3n de las personas f\u00edsicas en lo que respecta al tratamiento de datos personales y a la libre circulaci\u00f3n de estos datos y por el que se deroga la Directiva 95\/46\/CE (Reglamento General de Protecci\u00f3n de Datos) (Diario Oficial de la UE L 119, p. 1) (en adelante, RGPD), les informo que:<\/p>\n<h2>I. Administrador de datos personales<\/h2>\n<p>El administrador de sus datos personales es: Goll Pl, direcci\u00f3n: Obolonskyi Ave, 26, Oficina 13, Kyiv, 04205, correo electr\u00f3nico: info@goll.pl.<\/p>\n<h2>II. Fines y bases legales para el tratamiento de datos personales<\/h2>\n<p>Sus datos personales ser\u00e1n tratados de conformidad con el art. 6, apartado 1, letra a del RGPD, es decir, con su consentimiento para el tratamiento de datos personales con los siguientes prop\u00f3sitos:<\/p>\n<ul>\n<li>Para cumplir con las obligaciones derivadas de la ejecuci\u00f3n del contrato,<\/li>\n<li>Para la realizaci\u00f3n de los servicios prestados,<\/li>\n<li>Con fines fiscales y contables,<\/li>\n<li>Para el inter\u00e9s leg\u00edtimo del administrador de datos.<\/li>\n<\/ul>\n<h2>III. Categor\u00edas de datos personales en cuesti\u00f3n<\/h2>\n<p>El administrador de datos personales procesa las siguientes categor\u00edas de datos personales relevantes:<\/p>\n<ul>\n<li>datos de contacto<\/li>\n<\/ul>\n<h2>IV. Duraci\u00f3n del tratamiento de datos<\/h2>\n<p>Sus datos personales se conservar\u00e1n durante el tiempo necesario para asegurar todos los derechos y obligaciones derivados del contrato de venta, es decir, durante el proceso de pedido y durante el per\u00edodo de garant\u00eda.<\/p>\n<h2>V. Derechos del interesado<\/h2>\n<p>Con base en el RGPD, usted tiene el derecho a:<\/p>\n<ul>\n<li>solicitar acceso a sus datos personales,<\/li>\n<li>solicitar la rectificaci\u00f3n de sus datos personales,<\/li>\n<li>solicitar la eliminaci\u00f3n de sus datos personales,<\/li>\n<li>solicitar la limitaci\u00f3n del tratamiento de sus datos personales,<\/li>\n<li>oponerse al tratamiento de sus datos personales,<\/li>\n<li>solicitar la portabilidad de sus datos personales<\/li>\n<\/ul>\n<h2>VI. Derecho a retirar el consentimiento<\/h2>\n<p>Pueden retirar su consentimiento para el tratamiento de sus datos personales en cualquier momento. La retirada de su consentimiento para el tratamiento de datos personales no afectar\u00e1 la legalidad del tratamiento realizado con base en su consentimiento antes de su retirada.<\/p>\n<h2>VII. Derecho a presentar una queja ante la autoridad de supervisi\u00f3n<\/h2>\n<p>Tiene el derecho de presentar una queja ante la autoridad de supervisi\u00f3n, es decir, el Inspector General de Protecci\u00f3n de Datos Personales.<\/p>\n<h2>VIII. Origen de los datos personales<\/h2>\n<p>Sus datos provienen del formulario de registro\/pedido de la tienda en l\u00ednea <a href=\"https:\/\/goll.pl\/es\/\" target=\"_blank\" rel=\"noopener\">goll.pl<\/a>.<\/p>\n<h2>IX. Intereses leg\u00edtimos perseguidos por el administrador o por un tercero<\/h2>\n<p>Sus datos personales ser\u00e1n tratados con el prop\u00f3sito de cumplir con las obligaciones derivadas de la ejecuci\u00f3n del contrato.<\/p>\n<h2>X. Transferencia de datos personales a un tercer pa\u00eds u organizaci\u00f3n internacional<\/h2>\n<p>Sus datos personales pueden ser transferidos fuera del Espacio Econ\u00f3mico Europeo a Google LLC bas\u00e1ndose en las garant\u00edas legales adecuadas, que son las cl\u00e1usulas contractuales est\u00e1ndar de protecci\u00f3n de datos personales, aprobadas por la Comisi\u00f3n Europea.<\/p>\n<p>XI. Pol\u00edtica de cookies<\/p>\n<ul>\n<li><a href=\"https:\/\/goll.pl\/es\/cookies-policy\/\" target=\"_blank\" rel=\"noopener\">Pol\u00edtica sobre el uso de cookies<\/a><\/li>\n<li>En el sitio se utilizan la <a href=\"https:\/\/policies.google.com\/privacy?hl=es\" target=\"_blank\" rel=\"nofollow noopener\">Pol\u00edtica de privacidad<\/a> y los <a href=\"https:\/\/policies.google.com\/terms?hl=es\" target=\"_blank\" rel=\"nofollow noopener\">T\u00e9rminos de servicio<\/a> de Google.<\/li>\n<\/ul>\n<h2>XII. Contacto<\/h2>\n<p style=\"padding-left: 40px;\">Tienda en l\u00ednea Goll Pl, direcci\u00f3n: Obolonskyi Ave, 26, Oficina 13, Kyiv, 04205, correo electr\u00f3nico: info@goll.pl<\/p>\n","protected":false},"excerpt":{"rendered":"<p>Actualizaci\u00f3n 27.10.2022 Conforme al art. 14, apartados 1 y 2 del Reglamento del Parlamento Europeo y del Consejo (UE) 2016\/679 del 27.04.2016 sobre la protecci\u00f3n de las personas f\u00edsicas en lo que respecta al tratamiento de datos personales y a la libre circulaci\u00f3n de estos datos y por el que se deroga la Directiva 95\/46\/CE [&hellip;]<\/p>\n","protected":false},"author":4,"featured_media":7187,"parent":0,"menu_order":0,"comment_status":"closed","ping_status":"open","template":"template-fullwidth.php","meta":{"_acf_changed":false,"footnotes":""},"class_list":["post-3","page","type-page","status-publish","has-post-thumbnail","hentry"],"acf":[],"_links":{"self":[{"href":"https:\/\/goll.pl\/es\/wp-json\/wp\/v2\/pages\/3","targetHints":{"allow":["GET"]}}],"collection":[{"href":"https:\/\/goll.pl\/es\/wp-json\/wp\/v2\/pages"}],"about":[{"href":"https:\/\/goll.pl\/es\/wp-json\/wp\/v2\/types\/page"}],"author":[{"embeddable":true,"href":"https:\/\/goll.pl\/es\/wp-json\/wp\/v2\/users\/4"}],"replies":[{"embeddable":true,"href":"https:\/\/goll.pl\/es\/wp-json\/wp\/v2\/comments?post=3"}],"version-history":[{"count":0,"href":"https:\/\/goll.pl\/es\/wp-json\/wp\/v2\/pages\/3\/revisions"}],"wp:featuredmedia":[{"embeddable":true,"href":"https:\/\/goll.pl\/es\/wp-json\/wp\/v2\/media\/7187"}],"wp:attachment":[{"href":"https:\/\/goll.pl\/es\/wp-json\/wp\/v2\/media?parent=3"}],"curies":[{"name":"wp","href":"https:\/\/api.w.org\/{rel}","templated":true}]}}