{"id":4268,"date":"2018-06-18T06:58:10","date_gmt":"2018-06-18T04:58:10","guid":{"rendered":"https:\/\/goll.pl\/es\/contact\/"},"modified":"2023-11-27T21:30:16","modified_gmt":"2023-11-27T20:30:16","slug":"contact-us","status":"publish","type":"page","link":"https:\/\/goll.pl\/es\/contact-us\/","title":{"rendered":"Contacto"},"content":{"rendered":"<h3><strong>Goll Pl<\/strong><\/h3>\n<p><strong>Direcci\u00f3n<\/strong>:<br \/>\nObolonskyi Ave, 26, Oficina 13, Kyiv, 04205<\/p>\n<p><strong>Utiliza nuestra l\u00ednea de atenci\u00f3n al cliente:<\/strong><br \/>\nLunes-Viernes: 7:00-21:00<br \/>\nS\u00e1bado-Domingo: 10:00-20:00<\/p>\n<p><strong>Correo electr\u00f3nico: <\/strong><br \/>\ninfo@goll.pl<\/p>\n<h2>Escr\u00edbenos<\/h2>\n\n<div class=\"wpcf7 no-js\" id=\"wpcf7-f7096-o1\" lang=\"pl-PL\" dir=\"ltr\" data-wpcf7-id=\"7096\">\n<div class=\"screen-reader-response\"><p role=\"status\" aria-live=\"polite\" aria-atomic=\"true\"><\/p> <ul><\/ul><\/div>\n<form action=\"\/es\/wp-json\/wp\/v2\/pages\/4268#wpcf7-f7096-o1\" method=\"post\" class=\"wpcf7-form init\" aria-label=\"Formularz kontaktowy\" novalidate=\"novalidate\" data-status=\"init\">\n<fieldset class=\"hidden-fields-container\"><input type=\"hidden\" name=\"_wpcf7\" value=\"7096\" \/><input type=\"hidden\" name=\"_wpcf7_version\" value=\"6.1.5\" \/><input type=\"hidden\" name=\"_wpcf7_locale\" value=\"pl_PL\" \/><input type=\"hidden\" name=\"_wpcf7_unit_tag\" value=\"wpcf7-f7096-o1\" \/><input type=\"hidden\" name=\"_wpcf7_container_post\" value=\"0\" \/><input type=\"hidden\" name=\"_wpcf7_posted_data_hash\" value=\"\" \/>\n<\/fieldset>\n<p><label> Tu nombre y apellido *<br \/>\n<span class=\"wpcf7-form-control-wrap\" data-name=\"first-name\"><input size=\"40\" maxlength=\"400\" class=\"wpcf7-form-control wpcf7-text wpcf7-validates-as-required\" aria-required=\"true\" aria-invalid=\"false\" value=\"\" type=\"text\" name=\"first-name\" \/><\/span> <\/label>\n<\/p>\n<p><label> Tu n\u00famero de tel\u00e9fono (opcional)<br \/>\n<span class=\"wpcf7-form-control-wrap\" data-name=\"phone-no\"><input size=\"40\" maxlength=\"400\" class=\"wpcf7-form-control wpcf7-tel wpcf7-text wpcf7-validates-as-tel\" aria-invalid=\"false\" value=\"\" type=\"tel\" name=\"phone-no\" \/><\/span> <\/label>\n<\/p>\n<p><label> Producto (opcional)<br \/>\n<span class=\"wpcf7-form-control-wrap\" data-name=\"product-name\"><input size=\"40\" maxlength=\"400\" class=\"wpcf7-form-control wpcf7-text\" aria-invalid=\"false\" value=\"\" type=\"text\" name=\"product-name\" \/><\/span> <\/label>\n<\/p>\n<p><label> Tu direcci\u00f3n de correo electr\u00f3nico *<br \/>\n<span class=\"wpcf7-form-control-wrap\" data-name=\"your-email\"><input size=\"40\" maxlength=\"400\" class=\"wpcf7-form-control wpcf7-email wpcf7-validates-as-required wpcf7-text wpcf7-validates-as-email\" aria-required=\"true\" aria-invalid=\"false\" value=\"\" type=\"email\" name=\"your-email\" \/><\/span> <\/label>\n<\/p>\n<p><label> Tema<br \/>\n<span class=\"wpcf7-form-control-wrap\" data-name=\"your-subject\"><input size=\"40\" maxlength=\"400\" class=\"wpcf7-form-control wpcf7-text\" aria-invalid=\"false\" value=\"\" type=\"text\" name=\"your-subject\" \/><\/span> <\/label>\n<\/p>\n<p><label> Tu mensaje (opcional)<br \/>\n<span class=\"wpcf7-form-control-wrap\" data-name=\"your-message\"><textarea cols=\"40\" rows=\"10\" maxlength=\"2000\" class=\"wpcf7-form-control wpcf7-textarea\" aria-invalid=\"false\" name=\"your-message\"><\/textarea><\/span> <\/label>\n<\/p>\n<p>Tras la confirmaci\u00f3n, la empresa Goll Pl procesar\u00e1 tus datos personales con el objetivo de atender tu solicitud bas\u00e1ndose en un inter\u00e9s leg\u00edtimo. La persona cuyos datos se procesan puede oponerse en cualquier momento. M\u00e1s informaci\u00f3n en <a rel=\"nofollow\" target=\"_blank\" href=\"https:\/\/goll.pl\/es\/privacy-policy\/\">Pol\u00edtica de Privacidad<\/a>. En la p\u00e1gina se aplican la <a rel=\"nofollow\" target=\"_blank\" href=\"https:\/\/policies.google.com\/privacy?hl=es\">Pol\u00edtica de Privacidad<\/a> y los <a rel=\"nofollow\" target=\"_blank\" href=\"https:\/\/policies.google.com\/terms?hl=es\">T\u00e9rminos de Servicio<\/a> de Google.\n<\/p>\n<p><input class=\"wpcf7-form-control wpcf7-submit has-spinner\" type=\"submit\" value=\"Enviar\" \/>\n<\/p><div class=\"wpcf7-response-output\" aria-hidden=\"true\"><\/div>\n<\/form>\n<\/div>\n\n","protected":false},"excerpt":{"rendered":"<p>Goll Pl Direcci\u00f3n: Obolonskyi Ave, 26, Oficina 13, Kyiv, 04205 Utiliza nuestra l\u00ednea de atenci\u00f3n al cliente: Lunes-Viernes: 7:00-21:00 S\u00e1bado-Domingo: 10:00-20:00 Correo electr\u00f3nico: info@goll.pl Escr\u00edbenos<\/p>\n","protected":false},"author":4,"featured_media":10344,"parent":0,"menu_order":0,"comment_status":"closed","ping_status":"closed","template":"template-fullwidth.php","meta":{"_acf_changed":false,"footnotes":""},"class_list":["post-4268","page","type-page","status-publish","has-post-thumbnail","hentry"],"acf":[],"_links":{"self":[{"href":"https:\/\/goll.pl\/es\/wp-json\/wp\/v2\/pages\/4268","targetHints":{"allow":["GET"]}}],"collection":[{"href":"https:\/\/goll.pl\/es\/wp-json\/wp\/v2\/pages"}],"about":[{"href":"https:\/\/goll.pl\/es\/wp-json\/wp\/v2\/types\/page"}],"author":[{"embeddable":true,"href":"https:\/\/goll.pl\/es\/wp-json\/wp\/v2\/users\/4"}],"replies":[{"embeddable":true,"href":"https:\/\/goll.pl\/es\/wp-json\/wp\/v2\/comments?post=4268"}],"version-history":[{"count":0,"href":"https:\/\/goll.pl\/es\/wp-json\/wp\/v2\/pages\/4268\/revisions"}],"wp:featuredmedia":[{"embeddable":true,"href":"https:\/\/goll.pl\/es\/wp-json\/wp\/v2\/media\/10344"}],"wp:attachment":[{"href":"https:\/\/goll.pl\/es\/wp-json\/wp\/v2\/media?parent=4268"}],"curies":[{"name":"wp","href":"https:\/\/api.w.org\/{rel}","templated":true}]}}