{"id":5063,"date":"2022-07-19T18:06:36","date_gmt":"2022-07-19T16:06:36","guid":{"rendered":"https:\/\/goll.pl\/es\/?page_id=5063"},"modified":"2023-11-27T21:31:51","modified_gmt":"2023-11-27T20:31:51","slug":"cookies-policy","status":"publish","type":"page","link":"https:\/\/goll.pl\/es\/cookies-policy\/","title":{"rendered":"Pol\u00edtica de Uso de Cookies"},"content":{"rendered":"<p><span style=\"text-decoration: underline;\">Actualizaci\u00f3n 27.10.2022<\/span><\/p>\n<p>La presente Pol\u00edtica define las reglas de almacenamiento y acceso a la informaci\u00f3n en los dispositivos del Usuario mediante archivos Cookies, con el prop\u00f3sito de proveer servicios solicitados electr\u00f3nicamente por el Usuario, a trav\u00e9s de la Tienda en l\u00ednea goll.pl.<\/p>\n<h2>I. Definiciones<\/h2>\n<ol>\n<li>Administrador: se refiere a la empresa Goll Pl, direcci\u00f3n: Obolonskyi Ave, 26, Office 13, Kyiv, 04205, correo electr\u00f3nico: info@goll.pl, que presta servicios electr\u00f3nicos y almacena y accede a informaci\u00f3n en los dispositivos del Usuario.<\/li>\n<li>Cookies: se refiere a datos inform\u00e1ticos, en particular peque\u00f1os archivos de texto, guardados y almacenados en los dispositivos mediante los cuales el Usuario accede a las p\u00e1ginas web del Servicio.<\/li>\n<li>Cookies Propias: son las Cookies colocadas por el Administrador, relacionadas con la prestaci\u00f3n de servicios electr\u00f3nicos por parte del Administrador a trav\u00e9s del Servicio.<\/li>\n<li>Cookies Externas: son las Cookies colocadas por los socios del Administrador, a trav\u00e9s de la p\u00e1gina web del Servicio.<\/li>\n<li>Servicio: se refiere a la p\u00e1gina web o aplicaci\u00f3n bajo la cual el Administrador opera el servicio en l\u00ednea, funcionando en el dominio goll.pl.<\/li>\n<li>Dispositivo: es el equipo electr\u00f3nico mediante el cual el Usuario accede al Servicio.<\/li>\n<li>Usuario: se refiere a la entidad en cuyo beneficio, de acuerdo con los T\u00e9rminos y Condiciones y la ley aplicable, se pueden prestar servicios electr\u00f3nicamente o con la que se puede celebrar un contrato para la prestaci\u00f3n de servicios por medios electr\u00f3nicos.<\/li>\n<\/ol>\n<h2>II. Tipos de Cookies utilizadas<\/h2>\n<ol>\n<li>Las Cookies utilizadas por el Administrador son seguras para el Dispositivo del Usuario. En particular, no es posible que los virus u otro software no deseado o malicioso se introduzcan en los Dispositivos de los Usuarios a trav\u00e9s de esta v\u00eda. Estos archivos permiten identificar el software utilizado por el Usuario y personalizar el Servicio para cada Usuario individualmente. Las Cookies generalmente contienen el nombre de dominio del cual provienen, el tiempo de almacenamiento en el Dispositivo y el valor asignado.<\/li>\n<li>El Administrador utiliza dos tipos de cookies:\n<ul>\n<li>Cookies de sesi\u00f3n: se almacenan en el Dispositivo del Usuario y permanecen all\u00ed hasta que finaliza la sesi\u00f3n del navegador. En ese momento, la informaci\u00f3n guardada se elimina permanentemente de la memoria del Dispositivo. El mecanismo de cookies de sesi\u00f3n no permite la obtenci\u00f3n de ning\u00fan dato personal ni informaci\u00f3n confidencial del Dispositivo del Usuario.<\/li>\n<li>Cookies persistentes: se almacenan en el Dispositivo del Usuario y permanecen all\u00ed hasta que se eliminan. El cierre de la sesi\u00f3n del navegador o el apagado del Dispositivo no resulta en la eliminaci\u00f3n de estas cookies del Dispositivo del Usuario. El mecanismo de cookies persistentes no permite la obtenci\u00f3n de ning\u00fan dato personal ni informaci\u00f3n confidencial del Dispositivo del Usuario.<\/li>\n<\/ul>\n<\/li>\n<li>El Usuario tiene la opci\u00f3n de restringir o desactivar el acceso de las cookies a su Dispositivo. En caso de utilizar esta opci\u00f3n, el uso del Servicio ser\u00e1 posible, excepto para las funciones que naturalmente requieren cookies.<\/li>\n<\/ol>\n<h2>III. Objetivos para los cuales se utilizan las Cookies<\/h2>\n<p><span style=\"text-decoration: underline;\">1. El Administrador utiliza Cookies Propias para los siguientes prop\u00f3sitos:<\/span><br \/>\na. Configuraci\u00f3n del sitio:<\/p>\n<ul>\n<li>Adaptar el contenido de las p\u00e1ginas web del Servicio a las preferencias del Usuario y optimizar el uso de las p\u00e1ginas web del Servicio.<\/li>\n<li>Reconocer el dispositivo del Usuario del Servicio y su ubicaci\u00f3n, y mostrar la p\u00e1gina web correspondiente adaptada a sus necesidades individuales.<\/li>\n<li>Recordar las configuraciones seleccionadas por el Usuario y personalizar la interfaz del Usuario, por ejemplo, en t\u00e9rminos de idioma seleccionado o regi\u00f3n de la que proviene el Usuario.<\/li>\n<li>Recordar el historial de p\u00e1ginas visitadas en el sitio web para recomendaciones de contenido.<\/li>\n<li>Tama\u00f1o de fuente, apariencia del sitio web, etc.<\/li>\n<\/ul>\n<p>b. Autenticaci\u00f3n del usuario en el sitio y garant\u00eda de la sesi\u00f3n del usuario en el sitio:<\/p>\n<ul>\n<li>Mantener la sesi\u00f3n del Usuario del Servicio (despu\u00e9s de iniciar sesi\u00f3n), lo que permite que el Usuario no tenga que ingresar su nombre de usuario y contrase\u00f1a nuevamente en cada p\u00e1gina del Servicio.<\/li>\n<li>Configuraci\u00f3n correcta de las funciones seleccionadas del Servicio, permitiendo en particular la verificaci\u00f3n de la autenticidad de la sesi\u00f3n del navegador.<\/li>\n<li>Optimizar y mejorar el rendimiento de los servicios proporcionados por el Administrador.<\/li>\n<\/ul>\n<p>c. Realizaci\u00f3n de procesos necesarios para la funcionalidad completa de las p\u00e1ginas web:<\/p>\n<ul>\n<li>Adaptar el contenido de las p\u00e1ginas web del Servicio a las preferencias del Usuario y optimizar el uso de las p\u00e1ginas web del Servicio. En particular, estos archivos permiten reconocer los par\u00e1metros b\u00e1sicos del Dispositivo del Usuario y mostrar la p\u00e1gina web correspondiente adaptada a sus necesidades individuales.<\/li>\n<li>Manejar correctamente el programa de afiliados, permitiendo en particular verificar las fuentes de redireccionamiento de los Usuarios a las p\u00e1ginas web del Servicio.<\/li>\n<li>Recordar la ubicaci\u00f3n del Usuario.<\/li>\n<\/ul>\n<p>d. Configuraci\u00f3n correcta de las funciones seleccionadas del Servicio, permitiendo en particular la adaptaci\u00f3n de la informaci\u00f3n proporcionada al Usuario considerando su ubicaci\u00f3n.<\/p>\n<ul>\n<li>An\u00e1lisis, investigaciones y auditor\u00edas de visualizaci\u00f3n:<\/li>\n<\/ul>\n<p>e. Crear estad\u00edsticas an\u00f3nimas que ayuden a comprender c\u00f3mo los Usuarios del Servicio utilizan las p\u00e1ginas web del Servicio, lo que permite mejorar su estructura y contenido.<\/p>\n<ul>\n<li>Proporcionar servicios publicitarios.<\/li>\n<\/ul>\n<p>f. Adaptar la publicidad de servicios y productos de terceros presentada a trav\u00e9s del Servicio.<\/p>\n<ul>\n<li>Garantizar la seguridad y confiabilidad del servicio.<\/li>\n<\/ul>\n<p><span style=\"text-decoration: underline;\">2. El Administrador del servicio utiliza Cookies Externas para los siguientes prop\u00f3sitos:<\/span><br \/>\na. Mostrar contenido multimedia en las p\u00e1ginas web del Servicio que se descargan de un servicio web externo:<\/p>\n<ul>\n<li>www.vimeo.com [administrador de cookies: Vimeo, LLC. con sede en EE. UU.]<\/li>\n<li>www.youtube.com [administrador de cookies: Google Inc con sede en EE. UU.]<\/li>\n<\/ul>\n<p>b. Recopilaci\u00f3n de datos estad\u00edsticos generales y an\u00f3nimos a trav\u00e9s de herramientas anal\u00edticas:<\/p>\n<ul>\n<li>Google Analytics [administrador de cookies: Google Inc con sede en EE. UU.] <a href=\"https:\/\/policies.google.com\/technologies\/partner-sites?hl=es\">https:\/\/policies.google.com\/technologies\/partner-sites?hl=es<\/a><\/li>\n<\/ul>\n<p>c. Mostrar anuncios adaptados a las preferencias del Usuario utilizando herramientas de publicidad en l\u00ednea:<\/p>\n<ul>\n<li>Google Adwords [administrador de cookies: Google Inc con sede en EE. UU.] <a href=\"https:\/\/policies.google.com\/technologies\/ads?hl=es\">https:\/\/policies.google.com\/technologies\/ads?hl=es<\/a><\/li>\n<\/ul>\n<p>d. Iniciar sesi\u00f3n en el sitio a trav\u00e9s de una cuenta en otro servicio:<\/p>\n<ul>\n<li>Facebook Connect [administrador de cookies: Facebook Inc con sede en EE. UU. o Facebook Ireland con sede en Irlanda]<\/li>\n<li>Google [administrador de cookies: Google Inc con sede en EE. UU.]<\/li>\n<li>LinkedIn [administrador de cookies: LinkedIn Ireland Limited con sede en Irlanda]<\/li>\n<li>Paypal [administrador de cookies: PayPal (Europe) S.\u00e0 r.l. &amp; Cie, S.C.A con sede en Luxemburgo o PayPal Inc. con sede en EE. UU.]<\/li>\n<\/ul>\n<p>e. Utilizar funciones interactivas para promocionar el servicio a trav\u00e9s de redes sociales:<\/p>\n<ul>\n<li>twitter.com [administrador de cookies: Twitter Inc con sede en EE. UU.]<\/li>\n<li>Facebook.com [administrador de cookies: Facebook Inc con sede en EE. UU. o Facebook Ireland con sede en Irlanda]<\/li>\n<li>LinkedIn.com [administrador de cookies: LinkedIn Ireland Limited con sede en Irlanda]<\/li>\n<li>Pinterest [administrador de cookies: Pinterest, Inc. con sede en EE. UU.]<\/li>\n<\/ul>\n<h2>IV. Posibilidades de definir las condiciones de almacenamiento o acceso a trav\u00e9s de Cookies<\/h2>\n<ol>\n<li>El Usuario puede cambiar de forma aut\u00f3noma y en cualquier momento las configuraciones relacionadas con los archivos Cookies, determinando las condiciones de su almacenamiento y acceso a trav\u00e9s de los archivos Cookies en el Dispositivo del Usuario. Los cambios en la configuraci\u00f3n mencionada en la oraci\u00f3n anterior se pueden realizar a trav\u00e9s de la configuraci\u00f3n del navegador web o a trav\u00e9s de la configuraci\u00f3n del servicio. Estas configuraciones pueden modificarse, en particular, para bloquear la gesti\u00f3n autom\u00e1tica de archivos cookies en la configuraci\u00f3n del navegador web o para ser notificado cada vez que se coloquen Cookies en el Dispositivo del Usuario. Informaci\u00f3n detallada sobre las posibilidades y formas de gestionar los archivos cookies est\u00e1n disponibles en la configuraci\u00f3n del software (navegador web).<\/li>\n<li>El Usuario puede eliminar los archivos Cookies en cualquier momento utilizando las funciones disponibles en el navegador web que est\u00e1 utilizando.<\/li>\n<li>La limitaci\u00f3n en el uso de archivos Cookies puede afectar algunas de las funcionalidades disponibles en el sitio web del Servicio.<\/li>\n<\/ol>\n<h2>V. Contacto<\/h2>\n<p style=\"padding-left: 40px;\">Goll Pl, direcci\u00f3n: Obolonskyi Ave, 26, Oficina 13, Kyiv, 04205, correo electr\u00f3nico: info@goll.pl<\/p>\n","protected":false},"excerpt":{"rendered":"<p>Actualizaci\u00f3n 27.10.2022 La presente Pol\u00edtica define las reglas de almacenamiento y acceso a la informaci\u00f3n en los dispositivos del Usuario mediante archivos Cookies, con el prop\u00f3sito de proveer servicios solicitados electr\u00f3nicamente por el Usuario, a trav\u00e9s de la Tienda en l\u00ednea goll.pl. I. Definiciones Administrador: se refiere a la empresa Goll Pl, direcci\u00f3n: Obolonskyi Ave, [&hellip;]<\/p>\n","protected":false},"author":4,"featured_media":7106,"parent":0,"menu_order":0,"comment_status":"closed","ping_status":"closed","template":"template-fullwidth.php","meta":{"_acf_changed":false,"footnotes":""},"class_list":["post-5063","page","type-page","status-publish","has-post-thumbnail","hentry"],"acf":[],"_links":{"self":[{"href":"https:\/\/goll.pl\/es\/wp-json\/wp\/v2\/pages\/5063","targetHints":{"allow":["GET"]}}],"collection":[{"href":"https:\/\/goll.pl\/es\/wp-json\/wp\/v2\/pages"}],"about":[{"href":"https:\/\/goll.pl\/es\/wp-json\/wp\/v2\/types\/page"}],"author":[{"embeddable":true,"href":"https:\/\/goll.pl\/es\/wp-json\/wp\/v2\/users\/4"}],"replies":[{"embeddable":true,"href":"https:\/\/goll.pl\/es\/wp-json\/wp\/v2\/comments?post=5063"}],"version-history":[{"count":0,"href":"https:\/\/goll.pl\/es\/wp-json\/wp\/v2\/pages\/5063\/revisions"}],"wp:featuredmedia":[{"embeddable":true,"href":"https:\/\/goll.pl\/es\/wp-json\/wp\/v2\/media\/7106"}],"wp:attachment":[{"href":"https:\/\/goll.pl\/es\/wp-json\/wp\/v2\/media?parent=5063"}],"curies":[{"name":"wp","href":"https:\/\/api.w.org\/{rel}","templated":true}]}}