{"id":5184,"date":"2022-07-20T02:48:36","date_gmt":"2022-07-20T00:48:36","guid":{"rendered":"https:\/\/goll.pl\/es\/?page_id=5184"},"modified":"2023-08-21T03:05:03","modified_gmt":"2023-08-21T01:05:03","slug":"shipping-page","status":"publish","type":"page","link":"https:\/\/goll.pl\/es\/shipping-page\/","title":{"rendered":"Costos de Env\u00edo y Formas de Entrega"},"content":{"rendered":"<p>Para su comodidad y tranquilidad, utilizamos \u00fanicamente los servicios de transportistas confiables. Cada paquete que enviamos est\u00e1 asegurado y monitoreado.<\/p>\n<h2>M\u00e9todos de Env\u00edo:<\/h2>\n<ul>\n<li style=\"list-style-type: none;\">\n<ul>\n<li style=\"list-style-type: none;\">\n<ul>\n<li class=\"wc-shipping-zone-method method_enabled\"><span style=\"text-decoration: underline;\">Servicio de mensajer\u00eda 0,00 \u20ac<\/span><\/li>\n<li class=\"wc-shipping-zone-method method_enabled\"><span style=\"text-decoration: underline;\">Entrega a domicilio 0,00 \u20ac<\/span><\/li>\n<\/ul>\n<\/li>\n<\/ul>\n<\/li>\n<\/ul>\n<p><strong>\u00a1Env\u00edo gratuito para pedidos desde 0 \u20ac!<\/strong><\/p>\n<h2>Formas de Entrega:<\/h2>\n<ul>\n<li>DPD<\/li>\n<li>DPD Recogida en punto (se requiere aplicaci\u00f3n DPD)<\/li>\n<li>InPost Mensajero<\/li>\n<li>Inpost Lockers 24\/7<\/li>\n<li>Orlen Paquete &#8211; Taquillas de paquetes<\/li>\n<li>Paquete Orlen &#8211; Kioscos, Tiendas y Estaciones de servicio<\/li>\n<\/ul>\n<p>Los costes de env\u00edo pueden variar dependiendo de las promociones actuales. El precio de la entrega es visible en la ficha del producto.<\/p>\n","protected":false},"excerpt":{"rendered":"<p>Para su comodidad y tranquilidad, utilizamos \u00fanicamente los servicios de transportistas confiables. Cada paquete que enviamos est\u00e1 asegurado y monitoreado. M\u00e9todos de Env\u00edo: Servicio de mensajer\u00eda 0,00 \u20ac Entrega a domicilio 0,00 \u20ac \u00a1Env\u00edo gratuito para pedidos desde 0 \u20ac! Formas de Entrega: DPD DPD Recogida en punto (se requiere aplicaci\u00f3n DPD) InPost Mensajero Inpost [&hellip;]<\/p>\n","protected":false},"author":4,"featured_media":10347,"parent":0,"menu_order":0,"comment_status":"closed","ping_status":"closed","template":"template-fullwidth.php","meta":{"_acf_changed":false,"footnotes":""},"class_list":["post-5184","page","type-page","status-publish","has-post-thumbnail","hentry"],"acf":[],"_links":{"self":[{"href":"https:\/\/goll.pl\/es\/wp-json\/wp\/v2\/pages\/5184","targetHints":{"allow":["GET"]}}],"collection":[{"href":"https:\/\/goll.pl\/es\/wp-json\/wp\/v2\/pages"}],"about":[{"href":"https:\/\/goll.pl\/es\/wp-json\/wp\/v2\/types\/page"}],"author":[{"embeddable":true,"href":"https:\/\/goll.pl\/es\/wp-json\/wp\/v2\/users\/4"}],"replies":[{"embeddable":true,"href":"https:\/\/goll.pl\/es\/wp-json\/wp\/v2\/comments?post=5184"}],"version-history":[{"count":0,"href":"https:\/\/goll.pl\/es\/wp-json\/wp\/v2\/pages\/5184\/revisions"}],"wp:featuredmedia":[{"embeddable":true,"href":"https:\/\/goll.pl\/es\/wp-json\/wp\/v2\/media\/10347"}],"wp:attachment":[{"href":"https:\/\/goll.pl\/es\/wp-json\/wp\/v2\/media?parent=5184"}],"curies":[{"name":"wp","href":"https:\/\/api.w.org\/{rel}","templated":true}]}}