{"id":7111,"date":"2022-10-28T16:50:33","date_gmt":"2022-10-28T14:50:33","guid":{"rendered":"https:\/\/goll.pl\/es\/?page_id=7111"},"modified":"2023-08-21T03:00:03","modified_gmt":"2023-08-21T01:00:03","slug":"refund-page","status":"publish","type":"page","link":"https:\/\/goll.pl\/es\/refund-page\/","title":{"rendered":"Devoluci\u00f3n de Pagos"},"content":{"rendered":"<p><span style=\"text-decoration: underline;\">Actualizaci\u00f3n del 27.20.2022<\/span><\/p>\n<h3>\u00bfCu\u00e1nto tiempo tarda la devoluci\u00f3n del pago?<\/h3>\n<ul>\n<li>En caso de rescindir el contrato de venta, la devoluci\u00f3n del dinero se realiza en un plazo de 14 d\u00edas;<\/li>\n<li>Si la devoluci\u00f3n del dinero se debe a otras razones, la devoluci\u00f3n se efect\u00faa inmediatamente. Por lo general, la devoluci\u00f3n se realiza en unos pocos d\u00edas h\u00e1biles.<\/li>\n<\/ul>\n<h3>\u00bfC\u00f3mo se efect\u00faa la devoluci\u00f3n del pago?<\/h3>\n<p><span style=\"text-decoration: underline;\">La devoluci\u00f3n en efectivo se realiza cuando:<\/span><\/p>\n<ul>\n<li>el pago de las compras se hizo en el mercado;<\/li>\n<li>el pedido online se pag\u00f3 contra reembolso.<\/li>\n<\/ul>\n<p>La devoluci\u00f3n mediante el mismo m\u00e9todo de pago se realiza cuando el pedido en l\u00ednea se ha pagado:<\/p>\n<ul>\n<li>por transferencia bancaria tradicional;<\/li>\n<li>en l\u00ednea (transferencia electr\u00f3nica, tarjeta);<\/li>\n<li>PayPal.<\/li>\n<\/ul>\n<p>En caso de cancelar un pedido pagado a trav\u00e9s de cuotas en l\u00ednea, el banco se pondr\u00e1 en contacto contigo individualmente.<\/p>\n<h2>Cancelaci\u00f3n del pedido<\/h2>\n<p>\u00bfQuieres cancelar un pedido? Presenta tu solicitud de cancelaci\u00f3n por tu cuenta. Se enviar\u00e1 directamente al servicio de nuestra tienda. \u00a1Es realmente f\u00e1cil!<br \/>\nSi tienes preguntas adicionales, por favor contacta a trav\u00e9s del <a href=\"https:\/\/goll.pl\/es\/contact-us\/\" target=\"_blank\" rel=\"noopener\">formulario de contacto<\/a>.<\/p>\n","protected":false},"excerpt":{"rendered":"<p>Actualizaci\u00f3n del 27.20.2022 \u00bfCu\u00e1nto tiempo tarda la devoluci\u00f3n del pago? En caso de rescindir el contrato de venta, la devoluci\u00f3n del dinero se realiza en un plazo de 14 d\u00edas; Si la devoluci\u00f3n del dinero se debe a otras razones, la devoluci\u00f3n se efect\u00faa inmediatamente. Por lo general, la devoluci\u00f3n se realiza en unos pocos [&hellip;]<\/p>\n","protected":false},"author":4,"featured_media":7115,"parent":0,"menu_order":0,"comment_status":"closed","ping_status":"closed","template":"template-fullwidth.php","meta":{"_acf_changed":false,"footnotes":""},"class_list":["post-7111","page","type-page","status-publish","has-post-thumbnail","hentry"],"acf":[],"_links":{"self":[{"href":"https:\/\/goll.pl\/es\/wp-json\/wp\/v2\/pages\/7111","targetHints":{"allow":["GET"]}}],"collection":[{"href":"https:\/\/goll.pl\/es\/wp-json\/wp\/v2\/pages"}],"about":[{"href":"https:\/\/goll.pl\/es\/wp-json\/wp\/v2\/types\/page"}],"author":[{"embeddable":true,"href":"https:\/\/goll.pl\/es\/wp-json\/wp\/v2\/users\/4"}],"replies":[{"embeddable":true,"href":"https:\/\/goll.pl\/es\/wp-json\/wp\/v2\/comments?post=7111"}],"version-history":[{"count":0,"href":"https:\/\/goll.pl\/es\/wp-json\/wp\/v2\/pages\/7111\/revisions"}],"wp:featuredmedia":[{"embeddable":true,"href":"https:\/\/goll.pl\/es\/wp-json\/wp\/v2\/media\/7115"}],"wp:attachment":[{"href":"https:\/\/goll.pl\/es\/wp-json\/wp\/v2\/media?parent=7111"}],"curies":[{"name":"wp","href":"https:\/\/api.w.org\/{rel}","templated":true}]}}