{"id":10155,"date":"2023-08-18T02:56:21","date_gmt":"2023-08-18T00:56:21","guid":{"rendered":"https:\/\/goll.pl\/es\/gopotent\/"},"modified":"2025-04-12T01:34:07","modified_gmt":"2025-04-11T23:34:07","slug":"gopotent","status":"publish","type":"product","link":"https:\/\/goll.pl\/es\/gopotent\/","title":{"rendered":"GOpotent"},"content":{"rendered":"<p>GOpotent<\/p>\n","protected":false},"excerpt":{"rendered":"<p>Comprar GOpotent en Espa\u00f1a. Opiniones. Precio. Funciona. Beneficios. Ingredientes. Testimonios. Pedir GOpotent en: Barcelona, Madrid, Bilbao, M\u00e1laga, Sevilla, Valencia, Bah\u00eda de C\u00e1diz-Jerez, Pamplona, Murcia, Tarragona-Reus.<\/p>\n","protected":false},"featured_media":10154,"comment_status":"open","ping_status":"closed","template":"","meta":{"_acf_changed":false},"product_brand":[],"product_cat":[48],"product_tag":[],"class_list":{"0":"post-10155","1":"product","2":"type-product","3":"status-publish","4":"has-post-thumbnail","6":"product_cat-para-los-hombres","8":"first","9":"outofstock","10":"shipping-taxable","11":"purchasable","12":"product-type-simple"},"acf":[],"_links":{"self":[{"href":"https:\/\/goll.pl\/es\/wp-json\/wp\/v2\/product\/10155","targetHints":{"allow":["GET"]}}],"collection":[{"href":"https:\/\/goll.pl\/es\/wp-json\/wp\/v2\/product"}],"about":[{"href":"https:\/\/goll.pl\/es\/wp-json\/wp\/v2\/types\/product"}],"replies":[{"embeddable":true,"href":"https:\/\/goll.pl\/es\/wp-json\/wp\/v2\/comments?post=10155"}],"wp:featuredmedia":[{"embeddable":true,"href":"https:\/\/goll.pl\/es\/wp-json\/wp\/v2\/media\/10154"}],"wp:attachment":[{"href":"https:\/\/goll.pl\/es\/wp-json\/wp\/v2\/media?parent=10155"}],"wp:term":[{"taxonomy":"product_brand","embeddable":true,"href":"https:\/\/goll.pl\/es\/wp-json\/wp\/v2\/product_brand?post=10155"},{"taxonomy":"product_cat","embeddable":true,"href":"https:\/\/goll.pl\/es\/wp-json\/wp\/v2\/product_cat?post=10155"},{"taxonomy":"product_tag","embeddable":true,"href":"https:\/\/goll.pl\/es\/wp-json\/wp\/v2\/product_tag?post=10155"}],"curies":[{"name":"wp","href":"https:\/\/api.w.org\/{rel}","templated":true}]}}