{"id":10181,"date":"2023-08-18T02:56:27","date_gmt":"2023-08-18T00:56:27","guid":{"rendered":"https:\/\/goll.pl\/es\/ostex\/"},"modified":"2025-04-12T01:34:08","modified_gmt":"2025-04-11T23:34:08","slug":"ostex","status":"publish","type":"product","link":"https:\/\/goll.pl\/es\/ostex\/","title":{"rendered":"Ostex"},"content":{"rendered":"<p>Ostex<\/p>\n","protected":false},"excerpt":{"rendered":"<p>Comprar Ostex en Espa\u00f1a. Opiniones. Precio. Funciona. Beneficios. Ingredientes. Testimonios. Pedir Ostex en: Barcelona, Madrid, Bilbao, M\u00e1laga, Sevilla, Valencia, Bah\u00eda de C\u00e1diz-Jerez, Pamplona, Murcia, Tarragona-Reus.<\/p>\n","protected":false},"featured_media":10180,"comment_status":"open","ping_status":"closed","template":"","meta":{"_acf_changed":false},"product_brand":[],"product_cat":[47],"product_tag":[],"class_list":{"0":"post-10181","1":"product","2":"type-product","3":"status-publish","4":"has-post-thumbnail","6":"product_cat-productos-de-salud","8":"first","9":"outofstock","10":"shipping-taxable","11":"purchasable","12":"product-type-simple"},"acf":[],"_links":{"self":[{"href":"https:\/\/goll.pl\/es\/wp-json\/wp\/v2\/product\/10181","targetHints":{"allow":["GET"]}}],"collection":[{"href":"https:\/\/goll.pl\/es\/wp-json\/wp\/v2\/product"}],"about":[{"href":"https:\/\/goll.pl\/es\/wp-json\/wp\/v2\/types\/product"}],"replies":[{"embeddable":true,"href":"https:\/\/goll.pl\/es\/wp-json\/wp\/v2\/comments?post=10181"}],"wp:featuredmedia":[{"embeddable":true,"href":"https:\/\/goll.pl\/es\/wp-json\/wp\/v2\/media\/10180"}],"wp:attachment":[{"href":"https:\/\/goll.pl\/es\/wp-json\/wp\/v2\/media?parent=10181"}],"wp:term":[{"taxonomy":"product_brand","embeddable":true,"href":"https:\/\/goll.pl\/es\/wp-json\/wp\/v2\/product_brand?post=10181"},{"taxonomy":"product_cat","embeddable":true,"href":"https:\/\/goll.pl\/es\/wp-json\/wp\/v2\/product_cat?post=10181"},{"taxonomy":"product_tag","embeddable":true,"href":"https:\/\/goll.pl\/es\/wp-json\/wp\/v2\/product_tag?post=10181"}],"curies":[{"name":"wp","href":"https:\/\/api.w.org\/{rel}","templated":true}]}}