{"id":10269,"date":"2023-08-18T02:56:42","date_gmt":"2023-08-18T00:56:42","guid":{"rendered":"https:\/\/goll.pl\/es\/serenity\/"},"modified":"2026-02-13T02:57:28","modified_gmt":"2026-02-13T01:57:28","slug":"serenity","status":"publish","type":"product","link":"https:\/\/goll.pl\/es\/serenity\/","title":{"rendered":"Serenity \u2013 20 ct"},"content":{"rendered":"<p><strong>Serenity \u2013 20 ct<\/strong> es un complemento alimenticio en c\u00e1psulas elaborado con ingredientes naturales seleccionados. Su formato pr\u00e1ctico lo convierte en una opci\u00f3n c\u00f3moda para integrarlo en la rutina diaria.<\/p>\n<h3>Ingredientes principales:<\/h3>\n<ul>\n<li><strong>Extractos vegetales<\/strong> \u2013 Utilizados com\u00fanmente en suplementos naturales.<\/li>\n<li><strong>Vitaminas y minerales<\/strong> \u2013 Componentes habituales en f\u00f3rmulas nutricionales.<\/li>\n<li><strong>Otros ingredientes seleccionados<\/strong> \u2013 Incluidos por su empleo en productos diet\u00e9ticos.<\/li>\n<\/ul>\n<h3>Caracter\u00edsticas del producto:<\/h3>\n<ul>\n<li><strong>Presentaci\u00f3n en c\u00e1psulas<\/strong> \u2013 f\u00e1cil de incorporar en el d\u00eda a d\u00eda.<\/li>\n<li><strong>F\u00f3rmula con ingredientes de origen natural.<\/strong><\/li>\n<li><strong>Adecuado como complemento de la dieta habitual.<\/strong><\/li>\n<\/ul>\n<h3>Informaci\u00f3n del producto:<\/h3>\n<ul>\n<li><strong>Contenido:<\/strong> 20 c\u00e1psulas<\/li>\n<li><strong>Conservaci\u00f3n:<\/strong> mantener en lugar fresco y seco.<\/li>\n<li><strong>Fecha de caducidad:<\/strong> indicada en el envase.<\/li>\n<\/ul>\n<p><strong>Serenity \u2013 20 ct<\/strong> es una alternativa pr\u00e1ctica para quienes desean incorporar un suplemento alimenticio natural a su rutina cotidiana.<\/p>\n","protected":false},"excerpt":{"rendered":"<p>Serenity \u2013 20 ct es un complemento alimenticio en c\u00e1psulas elaborado con ingredientes naturales seleccionados. Su formato pr\u00e1ctico lo convierte en una opci\u00f3n c\u00f3moda para integrarlo en la rutina diaria.<\/p>\n","protected":false},"featured_media":10268,"comment_status":"open","ping_status":"closed","template":"","meta":{"_acf_changed":false},"product_brand":[],"product_cat":[47],"product_tag":[],"class_list":{"0":"post-10269","1":"product","2":"type-product","3":"status-publish","4":"has-post-thumbnail","6":"product_cat-productos-de-salud","8":"first","9":"instock","10":"shipping-taxable","11":"purchasable","12":"product-type-simple"},"acf":[],"_links":{"self":[{"href":"https:\/\/goll.pl\/es\/wp-json\/wp\/v2\/product\/10269","targetHints":{"allow":["GET"]}}],"collection":[{"href":"https:\/\/goll.pl\/es\/wp-json\/wp\/v2\/product"}],"about":[{"href":"https:\/\/goll.pl\/es\/wp-json\/wp\/v2\/types\/product"}],"replies":[{"embeddable":true,"href":"https:\/\/goll.pl\/es\/wp-json\/wp\/v2\/comments?post=10269"}],"wp:featuredmedia":[{"embeddable":true,"href":"https:\/\/goll.pl\/es\/wp-json\/wp\/v2\/media\/10268"}],"wp:attachment":[{"href":"https:\/\/goll.pl\/es\/wp-json\/wp\/v2\/media?parent=10269"}],"wp:term":[{"taxonomy":"product_brand","embeddable":true,"href":"https:\/\/goll.pl\/es\/wp-json\/wp\/v2\/product_brand?post=10269"},{"taxonomy":"product_cat","embeddable":true,"href":"https:\/\/goll.pl\/es\/wp-json\/wp\/v2\/product_cat?post=10269"},{"taxonomy":"product_tag","embeddable":true,"href":"https:\/\/goll.pl\/es\/wp-json\/wp\/v2\/product_tag?post=10269"}],"curies":[{"name":"wp","href":"https:\/\/api.w.org\/{rel}","templated":true}]}}