{"id":10693,"date":"2024-03-27T18:34:35","date_gmt":"2024-03-27T17:34:35","guid":{"rendered":"https:\/\/goll.pl\/es\/pro-biotic-slim\/"},"modified":"2025-09-26T19:42:31","modified_gmt":"2025-09-26T17:42:31","slug":"pro-biotic-slim","status":"publish","type":"product","link":"https:\/\/goll.pl\/es\/pro-biotic-slim\/","title":{"rendered":"Pro Biotic Slim"},"content":{"rendered":"<p>Pro Biotic Slim<\/p>\n","protected":false},"excerpt":{"rendered":"<p>Comprar Pro Biotic Slim en Espa\u00f1a. Opiniones. Precio. Funciona. Beneficios. Ingredientes. Testimonios. Pedir Pro Biotic Slim en: Barcelona, Madrid, Bilbao, M\u00e1laga, Sevilla, Valencia, Bah\u00eda de C\u00e1diz-Jerez, Pamplona, Murcia, Tarragona-Reus.<\/p>\n","protected":false},"featured_media":10692,"comment_status":"open","ping_status":"closed","template":"","meta":{"_acf_changed":false},"product_brand":[],"product_cat":[49],"product_tag":[],"class_list":{"0":"post-10693","1":"product","2":"type-product","3":"status-publish","4":"has-post-thumbnail","6":"product_cat-productos-para-perder-peso","8":"first","9":"outofstock","10":"shipping-taxable","11":"purchasable","12":"product-type-simple"},"acf":[],"_links":{"self":[{"href":"https:\/\/goll.pl\/es\/wp-json\/wp\/v2\/product\/10693","targetHints":{"allow":["GET"]}}],"collection":[{"href":"https:\/\/goll.pl\/es\/wp-json\/wp\/v2\/product"}],"about":[{"href":"https:\/\/goll.pl\/es\/wp-json\/wp\/v2\/types\/product"}],"replies":[{"embeddable":true,"href":"https:\/\/goll.pl\/es\/wp-json\/wp\/v2\/comments?post=10693"}],"wp:featuredmedia":[{"embeddable":true,"href":"https:\/\/goll.pl\/es\/wp-json\/wp\/v2\/media\/10692"}],"wp:attachment":[{"href":"https:\/\/goll.pl\/es\/wp-json\/wp\/v2\/media?parent=10693"}],"wp:term":[{"taxonomy":"product_brand","embeddable":true,"href":"https:\/\/goll.pl\/es\/wp-json\/wp\/v2\/product_brand?post=10693"},{"taxonomy":"product_cat","embeddable":true,"href":"https:\/\/goll.pl\/es\/wp-json\/wp\/v2\/product_cat?post=10693"},{"taxonomy":"product_tag","embeddable":true,"href":"https:\/\/goll.pl\/es\/wp-json\/wp\/v2\/product_tag?post=10693"}],"curies":[{"name":"wp","href":"https:\/\/api.w.org\/{rel}","templated":true}]}}