{"id":11046,"date":"2025-04-12T01:28:19","date_gmt":"2025-04-11T23:28:19","guid":{"rendered":"https:\/\/goll.pl\/es\/betasulin\/"},"modified":"2025-08-25T17:10:03","modified_gmt":"2025-08-25T15:10:03","slug":"betasulin","status":"publish","type":"product","link":"https:\/\/goll.pl\/es\/betasulin\/","title":{"rendered":"Betasulin \u2013 30 ct"},"content":{"rendered":"<p>Betasulin \u2013 30 ct es un complemento alimenticio en c\u00e1psulas, formulado con ingredientes naturales seleccionados. Su presentaci\u00f3n pr\u00e1ctica lo hace adecuado para integrar en la rutina diaria.<\/p>\n<h2>Caracter\u00edsticas del producto:<\/h2>\n<ul>\n<li>F\u00f3rmula compuesta por ingredientes de origen vegetal.<\/li>\n<li>Adecuado para quienes buscan un complemento alimenticio diario.<\/li>\n<li>Formato c\u00f3modo en c\u00e1psulas.<\/li>\n<\/ul>\n<h2>Informaci\u00f3n del producto:<\/h2>\n<ul>\n<li>Contenido: 30 c\u00e1psulas<\/li>\n<li>Conservaci\u00f3n: Mantener en un lugar fresco y seco.<\/li>\n<li>Fecha de caducidad: Indicada en el envase.<\/li>\n<\/ul>\n<p>Betasulin \u2013 30 ct es una opci\u00f3n pr\u00e1ctica para quienes desean incorporar a su dieta diaria un complemento formulado con componentes seleccionados de origen natural.<\/p>\n","protected":false},"excerpt":{"rendered":"<p>Betasulin \u2013 30 ct es un complemento alimenticio en c\u00e1psulas, formulado con ingredientes naturales seleccionados. Su presentaci\u00f3n pr\u00e1ctica lo hace adecuado para integrar en la rutina diaria.<\/p>\n","protected":false},"featured_media":11045,"comment_status":"open","ping_status":"closed","template":"","meta":{"_acf_changed":false},"product_brand":[],"product_cat":[47],"product_tag":[],"class_list":{"0":"post-11046","1":"product","2":"type-product","3":"status-publish","4":"has-post-thumbnail","6":"product_cat-productos-de-salud","8":"first","9":"instock","10":"shipping-taxable","11":"purchasable","12":"product-type-simple"},"acf":[],"_links":{"self":[{"href":"https:\/\/goll.pl\/es\/wp-json\/wp\/v2\/product\/11046","targetHints":{"allow":["GET"]}}],"collection":[{"href":"https:\/\/goll.pl\/es\/wp-json\/wp\/v2\/product"}],"about":[{"href":"https:\/\/goll.pl\/es\/wp-json\/wp\/v2\/types\/product"}],"replies":[{"embeddable":true,"href":"https:\/\/goll.pl\/es\/wp-json\/wp\/v2\/comments?post=11046"}],"wp:featuredmedia":[{"embeddable":true,"href":"https:\/\/goll.pl\/es\/wp-json\/wp\/v2\/media\/11045"}],"wp:attachment":[{"href":"https:\/\/goll.pl\/es\/wp-json\/wp\/v2\/media?parent=11046"}],"wp:term":[{"taxonomy":"product_brand","embeddable":true,"href":"https:\/\/goll.pl\/es\/wp-json\/wp\/v2\/product_brand?post=11046"},{"taxonomy":"product_cat","embeddable":true,"href":"https:\/\/goll.pl\/es\/wp-json\/wp\/v2\/product_cat?post=11046"},{"taxonomy":"product_tag","embeddable":true,"href":"https:\/\/goll.pl\/es\/wp-json\/wp\/v2\/product_tag?post=11046"}],"curies":[{"name":"wp","href":"https:\/\/api.w.org\/{rel}","templated":true}]}}