{"id":11048,"date":"2025-04-12T01:28:20","date_gmt":"2025-04-11T23:28:20","guid":{"rendered":"https:\/\/goll.pl\/es\/diaformrx-suplemento-dietetico-en-capsulas\/"},"modified":"2026-02-26T00:23:18","modified_gmt":"2026-02-25T23:23:18","slug":"diaformrx-suplemento-dietetico-en-capsulas","status":"publish","type":"product","link":"https:\/\/goll.pl\/es\/diaformrx-suplemento-dietetico-en-capsulas\/","title":{"rendered":"DiaformRX \u2013 1 ct"},"content":{"rendered":"<p>DiaformRX \u2013 1 ct es un suplemento alimenticio en c\u00e1psulas, formulado con ingredientes naturales seleccionados para complementar una dieta equilibrada.<\/p>\n<h3>Caracter\u00edsticas del producto:<\/h3>\n<ul>\n<li><strong>F\u00f3rmula en c\u00e1psulas de f\u00e1cil administraci\u00f3n.<\/strong><\/li>\n<li><strong>Composici\u00f3n con ingredientes naturales.<\/strong><\/li>\n<li><strong>Adecuado para incluir en la rutina diaria.<\/strong><\/li>\n<\/ul>\n<h3>Informaci\u00f3n del producto:<\/h3>\n<ul>\n<li><strong>Contenido:<\/strong> 1 envase (cantidad no especificada)<\/li>\n<li><strong>Conservaci\u00f3n:<\/strong> Almacenar en lugar seco y fresco.<\/li>\n<li><strong>Fecha de caducidad:<\/strong> Indicada en el envase.<\/li>\n<\/ul>\n<p>DiaformRX \u2013 1 ct es una alternativa c\u00f3moda para quienes buscan incorporar un suplemento diet\u00e9tico con componentes naturales a su d\u00eda a d\u00eda.<\/p>\n","protected":false},"excerpt":{"rendered":"<p>DiaformRX \u2013 1 ct es un suplemento alimenticio en c\u00e1psulas, formulado con ingredientes naturales seleccionados para complementar una dieta equilibrada.<\/p>\n","protected":false},"featured_media":11047,"comment_status":"open","ping_status":"closed","template":"","meta":{"_acf_changed":false},"product_brand":[],"product_cat":[47],"product_tag":[],"class_list":{"0":"post-11048","1":"product","2":"type-product","3":"status-publish","4":"has-post-thumbnail","6":"product_cat-productos-de-salud","8":"first","9":"instock","10":"shipping-taxable","11":"purchasable","12":"product-type-simple"},"acf":[],"_links":{"self":[{"href":"https:\/\/goll.pl\/es\/wp-json\/wp\/v2\/product\/11048","targetHints":{"allow":["GET"]}}],"collection":[{"href":"https:\/\/goll.pl\/es\/wp-json\/wp\/v2\/product"}],"about":[{"href":"https:\/\/goll.pl\/es\/wp-json\/wp\/v2\/types\/product"}],"replies":[{"embeddable":true,"href":"https:\/\/goll.pl\/es\/wp-json\/wp\/v2\/comments?post=11048"}],"wp:featuredmedia":[{"embeddable":true,"href":"https:\/\/goll.pl\/es\/wp-json\/wp\/v2\/media\/11047"}],"wp:attachment":[{"href":"https:\/\/goll.pl\/es\/wp-json\/wp\/v2\/media?parent=11048"}],"wp:term":[{"taxonomy":"product_brand","embeddable":true,"href":"https:\/\/goll.pl\/es\/wp-json\/wp\/v2\/product_brand?post=11048"},{"taxonomy":"product_cat","embeddable":true,"href":"https:\/\/goll.pl\/es\/wp-json\/wp\/v2\/product_cat?post=11048"},{"taxonomy":"product_tag","embeddable":true,"href":"https:\/\/goll.pl\/es\/wp-json\/wp\/v2\/product_tag?post=11048"}],"curies":[{"name":"wp","href":"https:\/\/api.w.org\/{rel}","templated":true}]}}